{"id":8313,"date":"2026-03-11T10:48:23","date_gmt":"2026-03-11T09:48:23","guid":{"rendered":"https:\/\/lapointedutalud.geek-tonic.dev\/camping-carnac\/"},"modified":"2026-03-23T08:32:13","modified_gmt":"2026-03-23T07:32:13","slug":"campingplatz-carnac","status":"publish","type":"page","link":"https:\/\/lapointedutalud.geek-tonic.dev\/de\/tourismus-morbihan-suedbretagne\/campingplatz-carnac\/","title":{"rendered":"Carnac"},"content":{"rendered":"\n<div class=\"wp-block-group section-6 has-custom-color-3-background-color has-background has-global-padding is-layout-constrained wp-container-core-group-is-layout-20238047 wp-block-group-is-layout-constrained\" style=\"margin-top:0px;margin-bottom:0px;padding-top:8rem;padding-right:15rem;padding-bottom:8rem;padding-left:15rem\">\n<div class=\"wp-block-group gt-reverse-mobile is-nowrap is-layout-flex wp-container-core-group-is-layout-90b6bdf5 wp-block-group-is-layout-flex\">\n<div class=\"wp-block-group has-global-padding is-layout-constrained wp-container-core-group-is-layout-7c250ea7 wp-block-group-is-layout-constrained\" style=\"margin-top:0px;margin-bottom:0px;padding-top:0;padding-right:0px;padding-bottom:0;padding-left:0px\">\n<div class=\"wp-block-group has-global-padding is-layout-constrained wp-container-core-group-is-layout-162f2a30 wp-block-group-is-layout-constrained\" style=\"margin-top:0px;margin-bottom:0px\">\n<div class=\"wp-block-group has-global-padding is-layout-constrained wp-container-core-group-is-layout-d6554d75 wp-block-group-is-layout-constrained\" style=\"margin-top:0px;margin-bottom:0px\">\n<div data-swiper=\"{&quot;speed&quot;:1000,&quot;autoplay&quot;:{&quot;delay&quot;:5000,&quot;disableOnInteraction&quot;:false},&quot;spaceBetween&quot;:0,&quot;slidesPerView&quot;:1,&quot;pagination&quot;:{&quot;el&quot;:&quot;.swiper-pagination&quot;,&quot;dynamicBullets&quot;:true,&quot;clickable&quot;:true,&quot;type&quot;:&quot;bullets&quot;},&quot;navigation&quot;:{&quot;nextEl&quot;:&quot;.swiper-button-next&quot;,&quot;prevEl&quot;:&quot;.swiper-button-prev&quot;},&quot;breakpoints&quot;:[{&quot;slidesPerView&quot;:1}]}\" class=\"wp-block-cover is-light\" style=\"border-top-left-radius:10px;border-top-right-radius:10px;border-bottom-left-radius:10px;border-bottom-right-radius:10px\"><img loading=\"lazy\" decoding=\"async\" width=\"2000\" height=\"1333\" class=\"wp-block-cover__image-background wp-image-7390 size-full\" alt=\"carnac bretagne menhir me\u0301galithe ne\u0301olithique histoire\" src=\"https:\/\/lapointedutalud.geek-tonic.dev\/wp-content\/uploads\/2026\/03\/carnac-bretagne-menhir-megalithe-neolithique-histoire.jpg\" data-object-fit=\"cover\" srcset=\"https:\/\/lapointedutalud.geek-tonic.dev\/wp-content\/uploads\/2026\/03\/carnac-bretagne-menhir-megalithe-neolithique-histoire.jpg 2000w, https:\/\/lapointedutalud.geek-tonic.dev\/wp-content\/uploads\/2026\/03\/carnac-bretagne-menhir-megalithe-neolithique-histoire-300x200.jpg 300w, https:\/\/lapointedutalud.geek-tonic.dev\/wp-content\/uploads\/2026\/03\/carnac-bretagne-menhir-megalithe-neolithique-histoire-1024x682.jpg 1024w, https:\/\/lapointedutalud.geek-tonic.dev\/wp-content\/uploads\/2026\/03\/carnac-bretagne-menhir-megalithe-neolithique-histoire-768x512.jpg 768w, https:\/\/lapointedutalud.geek-tonic.dev\/wp-content\/uploads\/2026\/03\/carnac-bretagne-menhir-megalithe-neolithique-histoire-1536x1024.jpg 1536w\" sizes=\"auto, (max-width: 2000px) 100vw, 2000px\" \/><span aria-hidden=\"true\" class=\"wp-block-cover__background has-background-dim-0 has-background-dim\"><\/span><div class=\"wp-block-cover__inner-container has-global-padding is-layout-constrained wp-block-cover-is-layout-constrained\">\n<p class=\"has-text-align-center has-large-font-size\"><\/p>\n<\/div><\/div>\n<\/div>\n<\/div>\n<\/div>\n\n\n\n<div class=\"wp-block-group gt-reverse-mobile is-vertical is-layout-flex wp-container-core-group-is-layout-7857e36c wp-block-group-is-layout-flex\" style=\"padding-right:0px;padding-left:0px\">\n<div class=\"wp-block-group texte-deco has-global-padding is-content-justification-left is-layout-constrained wp-container-core-group-is-layout-d6fb7615 wp-block-group-is-layout-constrained\" style=\"margin-top:0px;margin-bottom:0px;padding-right:0px;padding-left:0px\">\n<p class=\"has-custom-color-1-color has-text-color has-link-color has-unbounded-font-family wp-elements-94c818756390a706fe5530fa7a59e6b6\" style=\"font-size:clamp(2.499rem, 2.499rem + ((1vw - 0.2rem) * 3.652), 4.69rem);font-style:normal;font-weight:700;line-height:1\">Ein Land<\/p>\n\n\n\n<p class=\"has-custom-color-1-color has-text-color has-link-color has-caveat-font-family wp-elements-092601ebe51172ee158be5b78c59ea92\" style=\"margin-top:0px;margin-bottom:0px;font-size:clamp(3.159rem, 3.159rem + ((1vw - 0.2rem) * 5.252), 6.31rem);font-style:normal;font-weight:500;line-height:0.7\">geschichtstr\u00e4chtig<\/p>\n<\/div>\n\n\n\n<div class=\"wp-block-group content has-base-2-background-color has-background has-global-padding is-layout-constrained wp-container-core-group-is-layout-69f271cb wp-block-group-is-layout-constrained\" style=\"border-top-left-radius:10px;border-top-right-radius:10px;border-bottom-left-radius:10px;border-bottom-right-radius:10px;margin-top:0px;margin-bottom:0px;padding-top:40px;padding-right:40px;padding-bottom:40px;padding-left:40px\">\n<h1 class=\"wp-block-heading has-custom-color-1-color has-text-color has-link-color wp-elements-353d7e21fe28ddc2607ec2f2e12fe6f1\">Besuchen Sie Carnac und seine Umgebung von unserem Campingplatz aus.<\/h1>\n\n\n\n<p class=\"has-custom-color-1-color has-text-color\">Der <a href=\"https:\/\/lapointedutalud.geek-tonic.dev\/de\/\" data-type=\"page\" data-id=\"5\">Campingplatz La Pointe du Talud<\/a> ist der ideale Ort f\u00fcr eine <a href=\"https:\/\/lapointedutalud.geek-tonic.dev\/de\/mobilheimvermietung-ploemeur\/\" data-type=\"page\" data-id=\"9\">Vermietung in der S\u00fcdbretagne<\/a>, um Ploemeur und seine Umgebung zu besuchen. Die Stadt Carnac liegt nur 45 Minuten entfernt und bietet zahlreiche Aktivit\u00e4ten f\u00fcr Familie, Freunde oder Paare zu jeder Jahreszeit.  <\/p>\n<\/div>\n<\/div>\n<\/div>\n<\/div>\n\n<div class=\"wp-block-group section-simple has-custom-color-2-background-color has-background has-global-padding is-layout-constrained wp-container-core-group-is-layout-e8882e7b wp-block-group-is-layout-constrained\" style=\"margin-top:0px;margin-bottom:0px;padding-top:8rem;padding-right:15rem;padding-bottom:8rem;padding-left:15rem\">\n<div class=\"wp-block-columns are-vertically-aligned-top is-layout-flex wp-container-core-columns-is-layout-28f84493 wp-block-columns-is-layout-flex\">\n<div class=\"wp-block-column is-vertically-aligned-top is-layout-flow wp-block-column-is-layout-flow\">\n<figure class=\"wp-block-image size-full has-custom-border\"><img loading=\"lazy\" decoding=\"async\" width=\"1920\" height=\"1280\" src=\"https:\/\/lapointedutalud.geek-tonic.dev\/wp-content\/uploads\/2026\/03\/carnac-megalithes-menhirs-prehistoire-alignements-bretagne.jpg\" alt=\"Carnac Megalithen Menhire Pr&#xE4;historie Alignements Bretagne\" class=\"wp-image-7393\" style=\"border-top-left-radius:10px;border-top-right-radius:10px;border-bottom-left-radius:10px;border-bottom-right-radius:10px;aspect-ratio:16\/9;object-fit:cover\" srcset=\"https:\/\/lapointedutalud.geek-tonic.dev\/wp-content\/uploads\/2026\/03\/carnac-megalithes-menhirs-prehistoire-alignements-bretagne.jpg 1920w, https:\/\/lapointedutalud.geek-tonic.dev\/wp-content\/uploads\/2026\/03\/carnac-megalithes-menhirs-prehistoire-alignements-bretagne-300x200.jpg 300w, https:\/\/lapointedutalud.geek-tonic.dev\/wp-content\/uploads\/2026\/03\/carnac-megalithes-menhirs-prehistoire-alignements-bretagne-1024x683.jpg 1024w, https:\/\/lapointedutalud.geek-tonic.dev\/wp-content\/uploads\/2026\/03\/carnac-megalithes-menhirs-prehistoire-alignements-bretagne-768x512.jpg 768w, https:\/\/lapointedutalud.geek-tonic.dev\/wp-content\/uploads\/2026\/03\/carnac-megalithes-menhirs-prehistoire-alignements-bretagne-1536x1024.jpg 1536w\" sizes=\"auto, (max-width: 1920px) 100vw, 1920px\" \/><\/figure>\n<\/div>\n\n\n\n<div class=\"wp-block-column is-vertically-aligned-top is-layout-flow wp-block-column-is-layout-flow\">\n<div class=\"wp-block-group has-base-2-background-color has-background has-global-padding is-layout-constrained wp-container-core-group-is-layout-ac731009 wp-block-group-is-layout-constrained\" style=\"border-top-left-radius:10px;border-top-right-radius:10px;border-bottom-left-radius:10px;border-bottom-right-radius:10px;padding-top:40px;padding-right:40px;padding-bottom:40px;padding-left:40px\">\n<h2 class=\"wp-block-heading has-custom-color-1-color has-text-color has-link-color wp-elements-069301f4151b00d9cd46a401dbc3958f\">Carnac: Die Geschichte der &#8222;K\u00f6nigin von Morbihan&#8220;.<\/h2>\n\n\n\n<p class=\"has-custom-color-1-color has-text-color\">Es wird angenommen, dass es in Carnac immer Leben gegeben hat, obwohl es keine Spuren aus der Altsteinzeit gibt. Lediglich <strong>Monumente aus der Jungsteinzeit<\/strong> haben die Zeit \u00fcberdauert. Heute gibt es mehr als 150 arch\u00e4ologische St\u00e4tten, die den Ruhm der Stadt und ihres Museums ausmachen, das <strong>perfekt f\u00fcr Geschichtsinteressierte und Entdecker<\/strong> ist. Die Stadt bewahrt noch immer die \u00dcberreste ihrer Geschichte mit ihrer Pfarrkirche aus dem 17. Jahrhundert und der Kongregationskapelle aus dem 19\u1d49 Jahrhundert. Auf Ihrem Weg durch die Stadt werden Sie immer wieder neue Entdeckungen machen: Brunnen, Waschh\u00e4user&#8230; s\u00e4umen Ihren Weg.    <\/p>\n<\/div>\n<\/div>\n<\/div>\n<\/div>\n\n<div class=\"wp-block-group section-4 has-global-padding is-layout-constrained wp-container-core-group-is-layout-07b29094 wp-block-group-is-layout-constrained\" style=\"margin-top:0px;margin-bottom:0px;padding-right:0px;padding-left:0px\">\n<div class=\"wp-block-group banner has-global-padding is-layout-constrained wp-container-core-group-is-layout-07b29094 wp-block-group-is-layout-constrained\" style=\"margin-top:0px;margin-bottom:0px;padding-right:0px;padding-left:0px\">\n<div data-swiper=\"{&quot;speed&quot;:1000,&quot;autoplay&quot;:{&quot;delay&quot;:5000,&quot;disableOnInteraction&quot;:false},&quot;spaceBetween&quot;:0,&quot;slidesPerView&quot;:1,&quot;pagination&quot;:{&quot;dynamicBullets&quot;:true,&quot;clickable&quot;:true,&quot;type&quot;:&quot;bullets&quot;,&quot;el&quot;:&quot;.swiper-pagination&quot;},&quot;navigation&quot;:{&quot;nextEl&quot;:&quot;.section-4 .arrow-slider-next&quot;,&quot;prevEl&quot;:&quot;.section-4 .arrow-slider-prev&quot;},&quot;breakpoints&quot;:[{&quot;slidesPerView&quot;:1}]}\" class=\"wp-block-cover\" style=\"margin-top:0px;margin-bottom:0px;padding-top:0px;padding-right:0px;padding-bottom:0px;padding-left:0px;min-height:90vh;aspect-ratio:unset;\"><img loading=\"lazy\" decoding=\"async\" width=\"2000\" height=\"1329\" class=\"wp-block-cover__image-background wp-image-7392 size-full\" alt=\"la re\u0301gion carnac bretagne plage\" src=\"https:\/\/lapointedutalud.geek-tonic.dev\/wp-content\/uploads\/2026\/03\/la-region-carnac-bretagne-plage.jpg\" data-object-fit=\"cover\" srcset=\"https:\/\/lapointedutalud.geek-tonic.dev\/wp-content\/uploads\/2026\/03\/la-region-carnac-bretagne-plage.jpg 2000w, https:\/\/lapointedutalud.geek-tonic.dev\/wp-content\/uploads\/2026\/03\/la-region-carnac-bretagne-plage-300x199.jpg 300w, https:\/\/lapointedutalud.geek-tonic.dev\/wp-content\/uploads\/2026\/03\/la-region-carnac-bretagne-plage-1024x680.jpg 1024w, https:\/\/lapointedutalud.geek-tonic.dev\/wp-content\/uploads\/2026\/03\/la-region-carnac-bretagne-plage-768x510.jpg 768w, https:\/\/lapointedutalud.geek-tonic.dev\/wp-content\/uploads\/2026\/03\/la-region-carnac-bretagne-plage-1536x1021.jpg 1536w\" sizes=\"auto, (max-width: 2000px) 100vw, 2000px\" \/><span aria-hidden=\"true\" class=\"wp-block-cover__background has-background-dim-100 has-background-dim wp-block-cover__gradient-background has-background-gradient\" style=\"background:linear-gradient(0deg,rgb(6,54,122) 0%,rgba(255,255,255,0) 30%)\"><\/span><div class=\"wp-block-cover__inner-container has-global-padding is-layout-constrained wp-container-core-cover-is-layout-8b154107 wp-block-cover-is-layout-constrained\">\n<p class=\"has-text-align-center has-large-font-size\"><\/p>\n<\/div><\/div>\n<\/div>\n\n\n\n<div class=\"wp-block-group content has-custom-color-1-background-color has-background has-global-padding is-layout-constrained wp-container-core-group-is-layout-d4ecddba wp-block-group-is-layout-constrained\" style=\"margin-top:0px;margin-bottom:0px;padding-top:6rem;padding-right:15rem;padding-bottom:6rem;padding-left:15rem\">\n<h2 class=\"wp-block-heading has-custom-color-2-color has-text-color has-link-color wp-elements-e67e94494bf5bbaca9d74532c868524a\">Carnac, eine Stadt mit vielen Facetten<\/h2>\n\n\n\n<p class=\"has-base-2-color has-text-color has-link-color wp-elements-fc222f8f5a9f88095135b21687645745\"><a href=\"http:\/\/www.ot-carnac.fr\" target=\"_blank\" rel=\"noreferrer noopener nofollow\">Die Stadt Carnac<\/a> liegt ideal <strong>45 Minuten von Ploemeur<\/strong> entfernt zwischen dem Golf von Morbihan und der Halbinsel Quiberon und ist bekannt f\u00fcr ihre feinen Sandstr\u00e4nde und Menhire. Hier k\u00f6nnen Sie <strong>die<\/strong> weltber\u00fchmten <strong>Menhirreihen<\/strong> besichtigen, die seit 1889 zum historischen Erbe geh\u00f6ren. Die St\u00e4tten von Menec und Kermario umfassen allein fast 300 Menhire, die sich \u00fcber eine L\u00e4nge von fast 4 km erstrecken. Die Stadt ist auch f\u00fcr ihre Thalassotherapie- und Spa-Zentren bekannt. Sie ist \u00fcbrigens die erste Thalasso-Therapie in Frankreich, die zu 100% aus biologischem Anbau stammt. Es ist schwierig, Carnac zu entdecken, ohne einen der 5 wei\u00dfen Sandstr\u00e4nde der Stadt oder die Wanderwege zu genie\u00dfen. Entdecken Sie alle <a href=\"https:\/\/lapointedutalud.geek-tonic.dev\/de\/tourismus-morbihan-suedbretagne\/\" data-type=\"page\" data-id=\"6658\">Sehensw\u00fcrdigkeiten in der s\u00fcdlichen Bretagne<\/a>, die Sie w\u00e4hrend <a href=\"https:\/\/lapointedutalud.geek-tonic.dev\/de\/campingplatz-am-meer-ploemeur\/\" data-type=\"page\" data-id=\"6643\">Ihres Aufenthalts am Meer auf dem Campingplatz La Pointe du Talud<\/a> besuchen k\u00f6nnen.      <\/p>\n<\/div>\n<\/div>\n\n<div class=\"wp-block-group section-maillage has-custom-color-3-background-color has-background has-global-padding is-layout-constrained wp-container-core-group-is-layout-20238047 wp-block-group-is-layout-constrained\" style=\"margin-top:0px;margin-bottom:0px;padding-top:8rem;padding-right:15rem;padding-bottom:8rem;padding-left:15rem\">\n<div class=\"wp-block-group texte-deco is-layout-flow wp-block-group-is-layout-flow\">\n<p class=\"has-text-align-center has-custom-color-1-color has-text-color has-link-color has-unbounded-font-family wp-elements-5c1161ef3e4b0216cc96e2fae4b4236b\" style=\"font-size:clamp(2.499rem, 2.499rem + ((1vw - 0.2rem) * 3.652), 4.69rem);font-style:normal;font-weight:700;line-height:1\">Rutschen, Meer<\/p>\n\n\n\n<p class=\"has-text-align-center has-custom-color-1-color has-text-color has-link-color has-caveat-font-family wp-elements-aed10a6bb762cdd75ac810fab1c50bec\" style=\"margin-top:0px;margin-bottom:0px;font-size:clamp(3.159rem, 3.159rem + ((1vw - 0.2rem) * 5.252), 6.31rem);font-style:normal;font-weight:500;line-height:0.7\">und Fahrradtouren<\/p>\n<\/div>\n\n\n\n<div data-wp-context=\"{}\" data-wp-interactive=\"core\/query\" data-wp-key=\"0\" data-wp-router-region=\"query-0\" class=\"wp-block-query alignwide gt-fse-maillage-query is-layout-flow wp-block-query-is-layout-flow\"><ul class=\"columns-3 wp-block-post-template is-layout-grid wp-container-core-post-template-is-layout-6d3fbd8f wp-block-post-template-is-layout-grid\"><li data-wp-key=\"post-template-item-8405\" class=\"wp-block-post post-8405 page type-page status-publish has-post-thumbnail hentry\">\n<a href=\"https:\/\/lapointedutalud.geek-tonic.dev\/de\/tourismus-morbihan-suedbretagne\/morbihan-in-3-tagen-erkunden\/\"    class=\"wp-block-tiptip-hyperlink-group-block\" >\n<figure class=\"wp-block-image size-full is-resized\"><img loading=\"lazy\" decoding=\"async\" width=\"367\" height=\"318\" src=\"https:\/\/lapointedutalud.geek-tonic.dev\/wp-content\/uploads\/2025\/12\/grosse-fleur-jaune.svg\" alt=\"gro&#xDF;e gelbe Blume\" class=\"wp-image-143\" style=\"object-fit:contain;width:50px;height:50px\"\/><\/figure>\n\n<figure class=\"wp-block-image has-custom-border gt-maillage__image\"><img decoding=\"async\" src=\"https:\/\/lapointedutalud.geek-tonic.dev\/wp-content\/uploads\/2026\/03\/Morbihan-iles-pointe-du-talud-ile-de-groix.jpg\" alt=\"Morbihan Bretagne\" style=\"border-style:none;border-width:0px;border-top-left-radius:10px;border-top-right-radius:10px;border-bottom-left-radius:10px;border-bottom-right-radius:10px\"\/><\/figure>\n\n<p class=\"has-text-align-center has-custom-color-1-color has-text-color has-link-color has-unbounded-font-family wp-elements-6527d65a79d544105f2c7aa114e49b0c\" style=\"font-size:clamp(1.25rem, 1.25rem + ((1vw - 0.2rem) * 1.25), 2rem);line-height:1.1\">Morbihan<\/p>\n<\/a>\n<\/li><li data-wp-key=\"post-template-item-8208\" class=\"wp-block-post post-8208 page type-page status-publish has-post-thumbnail hentry\">\n<a href=\"https:\/\/lapointedutalud.geek-tonic.dev\/de\/tourismus-morbihan-suedbretagne\/campingplatz-wassersportaktivitaeten\/\"    class=\"wp-block-tiptip-hyperlink-group-block\" >\n<figure class=\"wp-block-image size-full is-resized\"><img loading=\"lazy\" decoding=\"async\" width=\"367\" height=\"318\" src=\"https:\/\/lapointedutalud.geek-tonic.dev\/wp-content\/uploads\/2025\/12\/grosse-fleur-jaune.svg\" alt=\"gro&#xDF;e gelbe Blume\" class=\"wp-image-143\" style=\"object-fit:contain;width:50px;height:50px\"\/><\/figure>\n\n<figure class=\"wp-block-image has-custom-border gt-maillage__image\"><img decoding=\"async\" src=\"https:\/\/lapointedutalud.geek-tonic.dev\/wp-content\/uploads\/2026\/03\/surf-bretagne-ploemeur-activites-nautiques.jpg\" alt=\"surf bretagne ploemeur Wasseraktivit\u00e4ten\" style=\"border-style:none;border-width:0px;border-top-left-radius:10px;border-top-right-radius:10px;border-bottom-left-radius:10px;border-bottom-right-radius:10px\"\/><\/figure>\n\n<p class=\"has-text-align-center has-custom-color-1-color has-text-color has-link-color has-unbounded-font-family wp-elements-6527d65a79d544105f2c7aa114e49b0c\" style=\"font-size:clamp(1.25rem, 1.25rem + ((1vw - 0.2rem) * 1.25), 2rem);line-height:1.1\">Nautische Aktivit\u00e4ten<\/p>\n<\/a>\n<\/li><li data-wp-key=\"post-template-item-8195\" class=\"wp-block-post post-8195 page type-page status-publish has-post-thumbnail hentry\">\n<a href=\"https:\/\/lapointedutalud.geek-tonic.dev\/de\/tourismus-morbihan-suedbretagne\/radtouren-campingplatz\/\"    class=\"wp-block-tiptip-hyperlink-group-block\" >\n<figure class=\"wp-block-image size-full is-resized\"><img loading=\"lazy\" decoding=\"async\" width=\"367\" height=\"318\" src=\"https:\/\/lapointedutalud.geek-tonic.dev\/wp-content\/uploads\/2025\/12\/grosse-fleur-jaune.svg\" alt=\"gro&#xDF;e gelbe Blume\" class=\"wp-image-143\" style=\"object-fit:contain;width:50px;height:50px\"\/><\/figure>\n\n<figure class=\"wp-block-image has-custom-border gt-maillage__image\"><img decoding=\"async\" src=\"https:\/\/lapointedutalud.geek-tonic.dev\/wp-content\/uploads\/2026\/03\/balade-en-velo-cote-bretonne-famille.jpg\" alt=\"Fahrradtouren ploemeur camping\" style=\"border-style:none;border-width:0px;border-top-left-radius:10px;border-top-right-radius:10px;border-bottom-left-radius:10px;border-bottom-right-radius:10px\"\/><\/figure>\n\n<p class=\"has-text-align-center has-custom-color-1-color has-text-color has-link-color has-unbounded-font-family wp-elements-6527d65a79d544105f2c7aa114e49b0c\" style=\"font-size:clamp(1.25rem, 1.25rem + ((1vw - 0.2rem) * 1.25), 2rem);line-height:1.1\">Fahrradtouren<\/p>\n<\/a>\n<\/li><\/ul><\/div>\n<\/div>\n","protected":false},"excerpt":{"rendered":"<p>Ein Land geschichtstr\u00e4chtig Besuchen Sie Carnac und seine Umgebung von unserem Campingplatz aus. Der Campingplatz La Pointe du Talud ist der ideale Ort f\u00fcr eine Vermietung in der S\u00fcdbretagne, um Ploemeur und seine Umgebung zu besuchen. Die Stadt Carnac liegt nur 45 Minuten entfernt und bietet zahlreiche Aktivit\u00e4ten f\u00fcr Familie, Freunde oder Paare zu jeder [&hellip;]<\/p>\n","protected":false},"author":1,"featured_media":8314,"parent":8348,"menu_order":0,"comment_status":"closed","ping_status":"closed","template":"","meta":{"_seopress_robots_primary_cat":"","_seopress_titles_title":"Camping Morbihan : Besuchen Sie Carnac | Bretagne Sud","_seopress_titles_desc":"Entdecken Sie Carnac von unserem Campingplatz in der s\u00fcdlichen Bretagne aus: zwischen legend\u00e4ren Menhiren und feinen Sandstr\u00e4nden gibt es f\u00fcr die ganze Familie etwas zu entdecken!","_seopress_robots_index":"","inline_featured_image":false,"gt_fse_maillage_image":"https:\/\/lapointedutalud.geek-tonic.dev\/wp-content\/uploads\/2026\/03\/carnac-megalithes-randonnee-bretagne-visite.jpg","gt_fse_maillage_titre":"Carnac","gt_fse_maillage_alt":"Carnac Megalithen Menhire","gt_fse_maillage_resume":"","footnotes":""},"categories":[],"tags":[],"class_list":["post-8313","page","type-page","status-publish","has-post-thumbnail","hentry"],"publishpress_future_action":{"enabled":false,"date":"2026-05-15 20:52:37","action":"change-status","newStatus":"draft","terms":[],"taxonomy":"category","extraData":[]},"publishpress_future_workflow_manual_trigger":{"enabledWorkflows":[]},"_links":{"self":[{"href":"https:\/\/lapointedutalud.geek-tonic.dev\/de\/wp-json\/wp\/v2\/pages\/8313","targetHints":{"allow":["GET"]}}],"collection":[{"href":"https:\/\/lapointedutalud.geek-tonic.dev\/de\/wp-json\/wp\/v2\/pages"}],"about":[{"href":"https:\/\/lapointedutalud.geek-tonic.dev\/de\/wp-json\/wp\/v2\/types\/page"}],"author":[{"embeddable":true,"href":"https:\/\/lapointedutalud.geek-tonic.dev\/de\/wp-json\/wp\/v2\/users\/1"}],"replies":[{"embeddable":true,"href":"https:\/\/lapointedutalud.geek-tonic.dev\/de\/wp-json\/wp\/v2\/comments?post=8313"}],"version-history":[{"count":7,"href":"https:\/\/lapointedutalud.geek-tonic.dev\/de\/wp-json\/wp\/v2\/pages\/8313\/revisions"}],"predecessor-version":[{"id":8716,"href":"https:\/\/lapointedutalud.geek-tonic.dev\/de\/wp-json\/wp\/v2\/pages\/8313\/revisions\/8716"}],"up":[{"embeddable":true,"href":"https:\/\/lapointedutalud.geek-tonic.dev\/de\/wp-json\/wp\/v2\/pages\/8348"}],"wp:featuredmedia":[{"embeddable":true,"href":"https:\/\/lapointedutalud.geek-tonic.dev\/de\/wp-json\/wp\/v2\/media\/8314"}],"wp:attachment":[{"href":"https:\/\/lapointedutalud.geek-tonic.dev\/de\/wp-json\/wp\/v2\/media?parent=8313"}],"wp:term":[{"taxonomy":"category","embeddable":true,"href":"https:\/\/lapointedutalud.geek-tonic.dev\/de\/wp-json\/wp\/v2\/categories?post=8313"},{"taxonomy":"post_tag","embeddable":true,"href":"https:\/\/lapointedutalud.geek-tonic.dev\/de\/wp-json\/wp\/v2\/tags?post=8313"}],"curies":[{"name":"wp","href":"https:\/\/api.w.org\/{rel}","templated":true}]}}